{"id":1068,"date":"2023-07-19T15:46:38","date_gmt":"2023-07-19T18:46:38","guid":{"rendered":"https:\/\/congressocmba.com.br\/site\/?page_id=1068"},"modified":"2025-10-13T20:34:25","modified_gmt":"2025-10-13T23:34:25","slug":"inscricao-pre-congresso","status":"publish","type":"page","link":"https:\/\/congressocmba.com.br\/site\/inscricao-pre-congresso\/","title":{"rendered":"Inscri\u00e7\u00e3o &#8211; Pr\u00e9-Congresso"},"content":{"rendered":"\n<div style=\"height:143px\" aria-hidden=\"true\" class=\"wp-block-spacer\"><\/div>\n\n\n\n<!DOCTYPE html>\n<html lang=\"pt-BR\">\n<head>\n    <meta charset=\"UTF-8\">\n    <meta name=\"viewport\" content=\"width=device-width, initial-scale=1.0\">\n    <title>Pr\u00e9-Congresso<\/title>\n    <style>\n        body {\n            font-family: Arial, sans-serif;\n            background-color: #f4f4f4;\n            display: flex;\n            justify-content: center;\n            align-items: center;\n            flex-direction: column;\n            padding: 20px;\n        }\n        table {\n            width: 90%;\n            max-width: 1200px;\n            border-collapse: collapse;\n            box-shadow: 0 4px 8px rgba(0,0,0,0.1);\n            border: 1px solid #7F7F7F;\n        }\n        th, td {\n            border: 1px solid #7F7F7F;\n            padding: 12px;\n            text-align: center;\n            font-size: 14px;\n        }\n        .header-main {\n            background-color: #636363;\n            color: white;\n            font-size: 20px;\n            font-weight: bold;\n        }\n        .header-sala {\n            background-color: #E6E6E6;\n            color: black;\n            font-weight: bold;\n        }\n        .workshop-header {\n            background-color: #C0504D;\n            color: white;\n            font-weight: bold;\n        }\n        .workshop-tema {\n            background-color: #C5DDEE;\n            color: black;\n            height: 70px;\n        }\n        .speaker {\n            background-color: #FFFFFF;\n            color: black;\n            font-weight: bold;\n        }\n        .time {\n            background-color: #FFFFFF;\n            color: black;\n        }\n        .coffee-break {\n            background-color: #FFF7E5;\n            color: black;\n            font-style: italic;\n        }\n        .moderator {\n            background-color: #D7E4BC;\n            color: black;\n        }\n        .almoco {\n            background-color: #636363;\n            color: white;\n            font-weight: bold;\n        }\n        .footnote {\n            width: 90%;\n            max-width: 1200px;\n            text-align: right;\n            font-size: 12px;\n            margin-top: 10px;\n            font-style: italic;\n        }\n    <\/style>\n<\/head>\n<body>\n\n    <table>\n        <thead>\n            <tr>\n                <th colspan=\"3\" class=\"header-main\">20\/11\/25<br>PR\u00c9-CONGRESSO<\/th>\n            <\/tr>\n            <tr>\n                <th class=\"header-sala\">SALA 1<\/th>\n                <th class=\"header-sala\">SALA 2<\/th>\n                <th class=\"header-sala\">SALA 3<\/th>\n            <\/tr>\n        <\/thead>\n        <tbody>\n            <tr>\n                <td class=\"workshop-header\">WORKSHOP 1<\/td>\n                <td class=\"workshop-header\">WORKSHOP 2<\/td>\n                <td class=\"workshop-header\">WORKSHOP 3<\/td>\n            <\/tr>\n            <tr>\n                <td class=\"workshop-tema\">Tema: Ultrassonografia no Diagn\u00f3stico das Les\u00f5es Musculoesquel\u00e9ticas &#8211; Alvos para Interven\u00e7\u00e3o<\/td>\n                <td class=\"workshop-tema\">Acupuntura Est\u00e9tica<\/td>\n                <td class=\"workshop-tema\">Terapia por Ondas de Choque: Princ\u00edpios, Conceitos e Pr\u00e1tica Baseada em Evid\u00eancias<\/td>\n            <\/tr>\n            <tr>\n                <td class=\"speaker\">DIRCEU MORAES JUNIOR &#8211; SC<\/td>\n                <td class=\"speaker\">FRANCESCO MENICHELLI &#8211; IT\u00c1LIA<\/td>\n                <td class=\"speaker\">RAUL COELHO LAMBERTI<\/td>\n            <\/tr>\n            <tr>\n                <td class=\"time\">08:30 &#8211; 10:30<\/td>\n                <td class=\"time\">08:30 &#8211; 10:30<\/td>\n                <td class=\"time\">08:30 &#8211; 10:30<\/td>\n            <\/tr>\n            <tr>\n                <td class=\"coffee-break\">coffee break<\/td>\n                <td class=\"coffee-break\">coffee break<\/td>\n                <td class=\"coffee-break\">coffee break<\/td>\n            <\/tr>\n            <tr>\n                <td class=\"time\">10:50 &#8211; 12:30<\/td>\n                <td class=\"time\">10:50 &#8211; 12:30<\/td>\n                <td class=\"time\">10:50 &#8211; 12:30<\/td>\n            <\/tr>\n            <tr>\n                <td class=\"moderator\">Moderador: LUC\u00cdLIA DE BRITO TAVARES &#8211; SP<\/td>\n                <td class=\"moderator\">Moderador: ALEXANDRE VALOTTA DA SILVA &#8211; SP<\/td>\n                <td class=\"moderator\">Moderador: RENAN FERREIRA JORGE &#8211; SP<\/td>\n            <\/tr>\n            <tr>\n                <td colspan=\"3\" class=\"almoco\">Almo\u00e7o<\/td>\n            <\/tr>\n            <tr>\n                <td class=\"workshop-header\">WORKSHOP 4<\/td>\n                <td class=\"workshop-header\">WORKSHOP 5<\/td>\n                <td class=\"workshop-header\">WORKSHOP 6<\/td>\n            <\/tr>\n            <tr>\n                <td class=\"workshop-tema\">Eletroacupuntura e Estimula\u00e7\u00e3o Sincr\u00f4nica da Combina\u00e7\u00e3o de Pares de Pontos e Vasos Extraordin\u00e1rios<\/td>\n                <td class=\"workshop-tema\">Fitoterapia Chinesa<\/td>\n                <td class=\"workshop-tema\">Integra\u00e7\u00e3o dos Sistemas Yang com a Cl\u00ednica M\u00e9dica Ocidental<\/td>\n            <\/tr>\n            <tr>\n                <td class=\"speaker\">RUBENS ZANELLA &#8211; SC<\/td>\n                <td class=\"speaker\">TAZUE BRANQUINHO &#8211; SP<br>ANNA PAULA R A PACHECO &#8211; SP<\/td>\n                <td class=\"speaker\">RICARDO MORAD BASSETTO &#8211; SP<\/td>\n            <\/tr>\n            <tr>\n                <td class=\"time\">14:00 &#8211; 16:00<\/td>\n                <td class=\"time\">14:00 &#8211; 16:00<\/td>\n                <td class=\"time\">14:00 &#8211; 16:00<\/td>\n            <\/tr>\n            <tr>\n                <td class=\"coffee-break\">coffee break<\/td>\n                <td class=\"coffee-break\">coffee break<\/td>\n                <td class=\"coffee-break\">coffee break<\/td>\n            <\/tr>\n            <tr>\n                <td class=\"time\">16:20 &#8211; 18:00<\/td>\n                <td class=\"time\">16:20 &#8211; 18:00<\/td>\n                <td class=\"time\">16:20 &#8211; 18:00<\/td>\n            <\/tr>\n            <tr>\n                <td class=\"moderator\">Moderador: JENIFER FRONZA &#8211; PR<\/td>\n                <td class=\"moderator\">Moderador: ANTONIO MACIEL &#8211; SE<\/td>\n                <td class=\"moderator\">Moderador: ANANILIA FINIZOLA &#8211; PE<\/td>\n            <\/tr>\n        <\/tbody>\n    <\/table>\n    <p class=\"footnote\">* Programa\u00e7\u00e3o Sujeita a Altera\u00e7\u00f5es<\/p>\n\n<\/body>\n<\/html>\n\n\n\n<p><\/p>\n","protected":false},"excerpt":{"rendered":"<p>Pr\u00e9-Congresso 20\/11\/25PR\u00c9-CONGRESSO SALA 1 SALA 2 SALA 3 WORKSHOP 1 WORKSHOP 2 WORKSHOP 3 Tema: Ultrassonografia no Diagn\u00f3stico das Les\u00f5es Musculoesquel\u00e9ticas &#8211; Alvos para Interven\u00e7\u00e3o Acupuntura Est\u00e9tica Terapia por Ondas de Choque: Princ\u00edpios, Conceitos e Pr\u00e1tica Baseada em Evid\u00eancias DIRCEU MORAES JUNIOR &#8211; SC FRANCESCO MENICHELLI &#8211; IT\u00c1LIA RAUL COELHO LAMBERTI 08:30 &#8211; 10:30 08:30 [&hellip;]<\/p>\n","protected":false},"author":2,"featured_media":0,"parent":0,"menu_order":0,"comment_status":"closed","ping_status":"closed","template":"","meta":{"qubely_global_settings":"","qubely_interactions":"","_uag_custom_page_level_css":"","footnotes":""},"class_list":["post-1068","page","type-page","status-publish","hentry"],"blocksy_meta":[],"uagb_featured_image_src":{"full":false,"thumbnail":false,"medium":false,"medium_large":false,"large":false,"1536x1536":false,"2048x2048":false,"qubely_landscape":false,"qubely_portrait":false,"qubely_thumbnail":false,"woocommerce_archive_thumbnail":false,"woocommerce_thumbnail":false,"woocommerce_single":false,"woocommerce_gallery_thumbnail":false},"uagb_author_info":{"display_name":"CMBA","author_link":"https:\/\/congressocmba.com.br\/site\/author\/cmba\/"},"uagb_comment_info":0,"uagb_excerpt":"Pr\u00e9-Congresso 20\/11\/25PR\u00c9-CONGRESSO SALA 1 SALA 2 SALA 3 WORKSHOP 1 WORKSHOP 2 WORKSHOP 3 Tema: Ultrassonografia no Diagn\u00f3stico das Les\u00f5es Musculoesquel\u00e9ticas &#8211; Alvos para Interven\u00e7\u00e3o Acupuntura Est\u00e9tica Terapia por Ondas de Choque: Princ\u00edpios, Conceitos e Pr\u00e1tica Baseada em Evid\u00eancias DIRCEU MORAES JUNIOR &#8211; SC FRANCESCO MENICHELLI &#8211; IT\u00c1LIA RAUL COELHO LAMBERTI 08:30 &#8211; 10:30 08:30&hellip;","_links":{"self":[{"href":"https:\/\/congressocmba.com.br\/site\/wp-json\/wp\/v2\/pages\/1068","targetHints":{"allow":["GET"]}}],"collection":[{"href":"https:\/\/congressocmba.com.br\/site\/wp-json\/wp\/v2\/pages"}],"about":[{"href":"https:\/\/congressocmba.com.br\/site\/wp-json\/wp\/v2\/types\/page"}],"author":[{"embeddable":true,"href":"https:\/\/congressocmba.com.br\/site\/wp-json\/wp\/v2\/users\/2"}],"replies":[{"embeddable":true,"href":"https:\/\/congressocmba.com.br\/site\/wp-json\/wp\/v2\/comments?post=1068"}],"version-history":[{"count":0,"href":"https:\/\/congressocmba.com.br\/site\/wp-json\/wp\/v2\/pages\/1068\/revisions"}],"wp:attachment":[{"href":"https:\/\/congressocmba.com.br\/site\/wp-json\/wp\/v2\/media?parent=1068"}],"curies":[{"name":"wp","href":"https:\/\/api.w.org\/{rel}","templated":true}]}}