{"id":2190,"date":"2024-06-10T21:49:32","date_gmt":"2024-06-11T00:49:32","guid":{"rendered":"https:\/\/congressocmba.com.br\/site\/?page_id=2190"},"modified":"2026-04-07T17:02:19","modified_gmt":"2026-04-07T20:02:19","slug":"local-do-evento","status":"publish","type":"page","link":"https:\/\/congressocmba.com.br\/site\/local-do-evento\/","title":{"rendered":"Local do Evento"},"content":{"rendered":"\n<div class=\"wp-block-stackable-feature alignwide stk-block-feature stk-block stk-63a167d is-style-default\" data-v=\"2\" data-block-id=\"63a167d\"><style>.stk-63a167d {--stk-feature-flex-wrap:nowrap !important;}<\/style><div class=\"stk-content-align stk-63a167d-column alignwide stk-container stk-63a167d-container stk--no-background stk--no-padding\"><div class=\"stk-inner-blocks stk-block-content stk-row\">\n<div class=\"wp-block-stackable-column stk-block-column stk-column stk-block stk-c1263cf\" data-v=\"4\" data-block-id=\"c1263cf\"><style>.stk-c1263cf {align-self:center !important;}<\/style><div class=\"stk-column-wrapper stk-block-column__content stk-container stk-c1263cf-container stk--no-background stk--no-padding\"><div class=\"has-text-align-center stk-block-content stk-inner-blocks stk-c1263cf-inner-blocks\">\n<div class=\"wp-block-stackable-heading stk-block-heading stk-block-heading--v2 stk-block stk-090a45f\" id=\"sheraton-santos-hotel\" data-block-id=\"090a45f\"><style>.stk-090a45f .stk-block-heading__text{font-weight:600 !important;font-family:\"Lato\", Sans-serif !important;}<\/style><h2 class=\"stk-block-heading__text\">Sheraton Santos Hotel<\/h2><\/div>\n\n\n\n<div class=\"wp-block-stackable-text stk-block-text stk-block stk-87e1322\" data-block-id=\"87e1322\"><p class=\"stk-block-text__text\"><strong>27 e 28 de Novembro de 2026<\/strong><\/p><\/div>\n\n\n\n<p>Santos ser\u00e1 o palco do maior evento de Acupuntura na Am\u00e9rica Latina<\/p>\n<\/div><\/div><\/div>\n\n\n\n<div class=\"wp-block-stackable-column stk-block-column stk-column stk-block stk-c18f9dd\" data-v=\"4\" data-block-id=\"c18f9dd\"><style>.stk-c18f9dd {align-self:center !important;}<\/style><div class=\"stk-column-wrapper stk-block-column__content stk-container stk-c18f9dd-container stk--no-background stk--no-padding\"><div class=\"stk-block-content stk-inner-blocks stk-c18f9dd-inner-blocks\">\n<div class=\"wp-block-stackable-image stk-block-image stk-block stk-9193d92\" data-block-id=\"9193d92\"><figure><span class=\"stk-img-wrapper stk-image--shape-stretch\"><img loading=\"lazy\" decoding=\"async\" class=\"stk-img wp-image-3272\" src=\"http:\/\/congressocmba.com.br\/site\/wp-content\/uploads\/2026\/02\/saoss-meeting-room-1576-hor-wide-scaled.jpg\" width=\"2560\" height=\"1440\" srcset=\"https:\/\/congressocmba.com.br\/site\/wp-content\/uploads\/2026\/02\/saoss-meeting-room-1576-hor-wide-scaled.jpg 2560w, https:\/\/congressocmba.com.br\/site\/wp-content\/uploads\/2026\/02\/saoss-meeting-room-1576-hor-wide-300x169.jpg 300w, https:\/\/congressocmba.com.br\/site\/wp-content\/uploads\/2026\/02\/saoss-meeting-room-1576-hor-wide-1024x576.jpg 1024w, https:\/\/congressocmba.com.br\/site\/wp-content\/uploads\/2026\/02\/saoss-meeting-room-1576-hor-wide-768x432.jpg 768w, https:\/\/congressocmba.com.br\/site\/wp-content\/uploads\/2026\/02\/saoss-meeting-room-1576-hor-wide-1536x864.jpg 1536w, https:\/\/congressocmba.com.br\/site\/wp-content\/uploads\/2026\/02\/saoss-meeting-room-1576-hor-wide-2048x1152.jpg 2048w, https:\/\/congressocmba.com.br\/site\/wp-content\/uploads\/2026\/02\/saoss-meeting-room-1576-hor-wide-600x338.jpg 600w\" sizes=\"auto, (max-width: 2560px) 100vw, 2560px\" \/><\/span><\/figure><\/div>\n<\/div><\/div><\/div>\n<\/div><\/div><\/div>\n\n\n\n<div style=\"height:100px\" aria-hidden=\"true\" class=\"wp-block-spacer\"><\/div>\n\n\n\n<figure class=\"wp-block-video\"><video height=\"544\" style=\"aspect-ratio: 960 \/ 544;\" width=\"960\" controls poster=\"http:\/\/congressocmba.com.br\/site\/wp-content\/uploads\/2023\/11\/CongressoCMBA286.jpg\" src=\"http:\/\/congressocmba.com.br\/site\/wp-content\/uploads\/2026\/04\/CONGRESSO-2026.mp4\"><\/video><\/figure>\n\n\n\n<h2 class=\"wp-block-heading\">Santos &#8211; SP<\/h2>\n\n\n\n<p>A cidade de Santos, localizada a apenas uma hora de S\u00e3o Paulo, \u00e9 o destino perfeito para sediar o XXX Congresso Internacional de Acupuntura do CMBA.<\/p>\n\n\n\n<p>Reconhecida mundialmente por abrigar o maior jardim de orla de praia do mundo, a cidade oferece um convite irrecus\u00e1vel para caminhadas revigorantes \u00e0 beira-mar entre os pain\u00e9is cient\u00edficos. <\/p>\n\n\n\n<p>Al\u00e9m da natureza acolhedora, Santos desponta como um rico polo hist\u00f3rico e cultural, abrigando o charmoso Centro Hist\u00f3rico e o ic\u00f4nico Museu do Caf\u00e9. \u00c9 o ambiente ideal para conciliar a imers\u00e3o acad\u00eamica de alto n\u00edvel com momentos de lazer, oferecendo uma excelente rede gastron\u00f4mica e atra\u00e7\u00f5es perfeitas para curtir com a fam\u00edlia ap\u00f3s um dia de muito aprendizado.<\/p>\n\n\n\n<h2 class=\"wp-block-heading\">Sheraton Santos Hotel<\/h2>\n\n\n\n<p>O Sheraton Santos Hotel ser\u00e1 a casa do nosso congresso, escolhido sob medida para proporcionar a experi\u00eancia que o evento exige. Com uma infraestrutura moderna e elegante, o hotel conta com um centro de conven\u00e7\u00f5es de alt\u00edssimo padr\u00e3o, oferecendo mais de 1.000 metros quadrados de espa\u00e7o com tecnologia de ponta para acomodar nossas plen\u00e1rias, workshops e exposi\u00e7\u00f5es com total conforto.<\/p>\n\n\n\n<p>Localizado estrategicamente a poucos passos da praia e no mesmo complexo do Praiamar Shopping, o hotel garante uma conveni\u00eancia \u00edmpar aos participantes. Al\u00e9m das atividades do congresso, os convidados poder\u00e3o desfrutar de acomoda\u00e7\u00f5es sofisticadas, piscina, e uma culin\u00e1ria de padr\u00e3o internacional, criando a atmosfera perfeita para networking e descanso.<\/p>\n\n\n\n<hr class=\"wp-block-separator has-alpha-channel-opacity\"\/>\n\n\n\n<div class=\"wp-block-buttons is-content-justification-center is-layout-flex wp-container-core-buttons-is-layout-a89b3969 wp-block-buttons-is-layout-flex\">\n<div class=\"wp-block-button\"><a class=\"wp-block-button__link has-medium-font-size has-text-align-center has-custom-font-size wp-element-button\" href=\"https:\/\/congressocmba.com.br\/site\/inscricao-cmba-congresso-2026\/\"><strong>INSCREVA-SE COM DESCONTO!<\/strong><\/a><\/div>\n<\/div>\n\n\n\n<div style=\"height:100px\" aria-hidden=\"true\" class=\"wp-block-spacer\"><\/div>\n\n\n\n<h2 class=\"wp-block-heading\">Como chegar no Local<\/h2>\n\n\n\n<p><\/p>\n\n\n\t\t\t<div \n\t\t\tclass=\"wp-block-uagb-google-map uagb-google-map__wrap uagb-block-c5d22211     \"\n\t\t\tstyle=\"\" >\n\t\t\t\t<embed\n\t\t\t\t\tclass=\"uagb-google-map__iframe\"\n\t\t\t\t\ttitle=\"Google Map for \"\n\t\t\t\t\tsrc=\"https:\/\/maps.google.com\/maps?q=Sheraton%20Santos%20Hotel&#038;z=15&#038;hl=pt&#038;t=m&#038;output=embed&#038;iwloc=near\"\n\t\t\t\t\twidth=\"640\"\n\t\t\t\t\theight=\"649\"\n\t\t\t\t\tloading=\"lazy\"\n\t\t\t\t><\/embed>\n\t\t\t<\/div>\n\t\t\t\n\n\n<div style=\"height:100px\" aria-hidden=\"true\" class=\"wp-block-spacer\"><\/div>\n\n\n\n<h2 class=\"wp-block-heading has-text-align-center\">V\u00eddeo Informativo: Santos &#8211; SP <\/h2>\n\n\n\n<figure class=\"wp-block-embed is-type-video is-provider-youtube wp-block-embed-youtube wp-embed-aspect-16-9 wp-has-aspect-ratio\"><div class=\"wp-block-embed__wrapper\">\n<iframe loading=\"lazy\" title=\"Cidade de Santos - Turismo\" width=\"1290\" height=\"726\" src=\"https:\/\/www.youtube.com\/embed\/pFsEpEtKlGQ?feature=oembed\" frameborder=\"0\" allow=\"accelerometer; autoplay; clipboard-write; encrypted-media; gyroscope; picture-in-picture; web-share\" referrerpolicy=\"strict-origin-when-cross-origin\" allowfullscreen><\/iframe>\n<\/div><\/figure>\n\n\n\n<p><\/p>\n\n\n\n<div class=\"wp-block-group is-layout-constrained wp-block-group-is-layout-constrained\">\n<div style=\"height:100px\" aria-hidden=\"true\" class=\"wp-block-spacer\"><\/div>\n\n\n\n<h2 class=\"wp-block-heading has-text-align-center\">Ag\u00eancia de Turismo Oficial e Organizadora<\/h2>\n\n\n\n<figure class=\"wp-block-image aligncenter size-full is-resized\"><img loading=\"lazy\" decoding=\"async\" width=\"1600\" height=\"1387\" src=\"http:\/\/congressocmba.com.br\/site\/wp-content\/uploads\/2026\/04\/WhatsApp-Image-2026-04-06-at-13.15.46.jpeg\" alt=\"\" class=\"wp-image-3358\" style=\"width:146px;height:74px\" srcset=\"https:\/\/congressocmba.com.br\/site\/wp-content\/uploads\/2026\/04\/WhatsApp-Image-2026-04-06-at-13.15.46.jpeg 1600w, https:\/\/congressocmba.com.br\/site\/wp-content\/uploads\/2026\/04\/WhatsApp-Image-2026-04-06-at-13.15.46-300x260.jpeg 300w, https:\/\/congressocmba.com.br\/site\/wp-content\/uploads\/2026\/04\/WhatsApp-Image-2026-04-06-at-13.15.46-1024x888.jpeg 1024w, https:\/\/congressocmba.com.br\/site\/wp-content\/uploads\/2026\/04\/WhatsApp-Image-2026-04-06-at-13.15.46-768x666.jpeg 768w, https:\/\/congressocmba.com.br\/site\/wp-content\/uploads\/2026\/04\/WhatsApp-Image-2026-04-06-at-13.15.46-1536x1332.jpeg 1536w, https:\/\/congressocmba.com.br\/site\/wp-content\/uploads\/2026\/04\/WhatsApp-Image-2026-04-06-at-13.15.46-600x520.jpeg 600w\" sizes=\"auto, (max-width: 1600px) 100vw, 1600px\" \/><\/figure>\n\n\n\n<style>\n  \/* Container para centralizar o bot\u00e3o *\/\n  .whatsapp-header-container {\n    display: flex;\n    justify-content: center;\n    align-items: center;\n    width: 100%;\n    padding: 10px 0; \/* Espa\u00e7amento opcional em cima e embaixo *\/\n  }\n\n  \/* Estilos do bot\u00e3o (mantidos) *\/\n  .whatsapp-header-btn {\n    display: inline-flex;\n    align-items: center;\n    gap: 8px;\n    background-color: #25d366;\n    color: #ffffff !important;\n    font-family: 'Inter', 'Montserrat', sans-serif;\n    font-size: 14px;\n    font-weight: 600;\n    text-decoration: none;\n    padding: 8px 16px;\n    border-radius: 6px;\n    transition: background-color 0.2s ease;\n  }\n\n  .whatsapp-header-btn:hover {\n    background-color: #1ebe57;\n  }\n\n  .whatsapp-header-btn svg {\n    width: 18px;\n    height: 18px;\n    fill: currentColor;\n  }\n<\/style>\n\n<div class=\"whatsapp-header-container\">\n  <a href=\"https:\/\/wa.me\/13974012737\" target=\"_blank\" rel=\"noopener noreferrer\" class=\"whatsapp-header-btn\">\n    <svg xmlns=\"http:\/\/www.w3.org\/2000\/svg\" viewBox=\"0 0 448 512\">\n      <path d=\"M380.9 97.1C339 55.1 283.2 32 223.9 32c-122.4 0-222 99.6-222 222 0 39.1 10.2 77.3 29.6 111L0 480l117.7-30.9c32.4 17.7 68.9 27 106.1 27h.1c122.3 0 224.1-99.6 224.1-222 0-59.3-25.2-115-67.1-157zM223.9 413.6c-33.6 0-66.5-9-95.2-26.1l-6.8-4-70.8 18.6 18.9-69.1-4.4-7C45.3 291 35.5 257.9 35.5 225.4c0-103.9 84.6-188.5 188.5-188.5 57 0 110.6 22.2 150.9 62.5s62.5 93.9 62.5 150.9c-.1 103.9-84.7 188.4-188.5 188.3zm103.4-139.7c-5.7-2.8-33.6-16.6-38.8-18.5-5.2-1.9-9-2.8-12.8 2.8-3.8 5.7-14.7 18.5-18 22.2-3.3 3.8-6.6 4.3-12.3 1.4-5.7-2.8-24-8.8-45.7-28.2-16.9-15.1-28.3-33.8-31.1-39.4-2.8-5.7-.3-8.8 2.6-11.6 2.6-2.6 5.7-6.6 8.5-9.9 2.8-3.3 3.8-5.7 5.7-9.5 1.9-3.8.9-7.1-.5-9.9-1.4-2.8-12.8-30.8-17.5-42.2-4.6-11.1-9.3-9.6-12.8-9.8-3.3-.1-7.1-.1-10.9-.1-3.8 0-9.9 1.4-15.1 7.1-5.2 5.7-20 19.4-20 47.4 0 28 20.4 55.1 23.2 58.8 2.8 3.8 40.1 61.2 97.1 85.8 13.6 5.9 24.2 9.4 32.5 12 13.7 4.3 26.2 3.7 36 2.2 11.1-1.7 33.6-13.7 38.3-27 4.7-13.3 4.7-24.6 3.3-27-1.4-2.5-5.2-3.9-10.9-6.7z\"\/>\n    <\/svg>\n    Atendimento via WhatsApp\n  <\/a>\n<\/div>\n\n\n\n<div style=\"height:100px\" aria-hidden=\"true\" class=\"wp-block-spacer\"><\/div>\n<\/div>\n","protected":false},"excerpt":{"rendered":"<p>Sheraton Santos Hotel 27 e 28 de Novembro de 2026 Santos ser\u00e1 o palco do maior evento de Acupuntura na Am\u00e9rica Latina Santos &#8211; SP A cidade de Santos, localizada a apenas uma hora de S\u00e3o Paulo, \u00e9 o destino perfeito para sediar o XXX Congresso Internacional de Acupuntura do CMBA. Reconhecida mundialmente por abrigar [&hellip;]<\/p>\n","protected":false},"author":2,"featured_media":3272,"parent":0,"menu_order":0,"comment_status":"closed","ping_status":"closed","template":"","meta":{"qubely_global_settings":"","qubely_interactions":"","_uag_custom_page_level_css":"","footnotes":""},"class_list":["post-2190","page","type-page","status-publish","has-post-thumbnail","hentry"],"blocksy_meta":[],"uagb_featured_image_src":{"full":["https:\/\/congressocmba.com.br\/site\/wp-content\/uploads\/2026\/02\/saoss-meeting-room-1576-hor-wide-scaled.jpg",2560,1440,false],"thumbnail":["https:\/\/congressocmba.com.br\/site\/wp-content\/uploads\/2026\/02\/saoss-meeting-room-1576-hor-wide-150x150.jpg",150,150,true],"medium":["https:\/\/congressocmba.com.br\/site\/wp-content\/uploads\/2026\/02\/saoss-meeting-room-1576-hor-wide-300x169.jpg",300,169,true],"medium_large":["https:\/\/congressocmba.com.br\/site\/wp-content\/uploads\/2026\/02\/saoss-meeting-room-1576-hor-wide-768x432.jpg",768,432,true],"large":["https:\/\/congressocmba.com.br\/site\/wp-content\/uploads\/2026\/02\/saoss-meeting-room-1576-hor-wide-1024x576.jpg",1024,576,true],"1536x1536":["https:\/\/congressocmba.com.br\/site\/wp-content\/uploads\/2026\/02\/saoss-meeting-room-1576-hor-wide-1536x864.jpg",1536,864,true],"2048x2048":["https:\/\/congressocmba.com.br\/site\/wp-content\/uploads\/2026\/02\/saoss-meeting-room-1576-hor-wide-2048x1152.jpg",2048,1152,true],"qubely_landscape":["https:\/\/congressocmba.com.br\/site\/wp-content\/uploads\/2026\/02\/saoss-meeting-room-1576-hor-wide-1200x750.jpg",1200,750,true],"qubely_portrait":["https:\/\/congressocmba.com.br\/site\/wp-content\/uploads\/2026\/02\/saoss-meeting-room-1576-hor-wide-540x320.jpg",540,320,true],"qubely_thumbnail":["https:\/\/congressocmba.com.br\/site\/wp-content\/uploads\/2026\/02\/saoss-meeting-room-1576-hor-wide-140x100.jpg",140,100,true],"woocommerce_archive_thumbnail":["https:\/\/congressocmba.com.br\/site\/wp-content\/uploads\/2026\/02\/saoss-meeting-room-1576-hor-wide-300x400.jpg",300,400,true],"woocommerce_thumbnail":["https:\/\/congressocmba.com.br\/site\/wp-content\/uploads\/2026\/02\/saoss-meeting-room-1576-hor-wide-300x400.jpg",300,400,true],"woocommerce_single":["https:\/\/congressocmba.com.br\/site\/wp-content\/uploads\/2026\/02\/saoss-meeting-room-1576-hor-wide-600x338.jpg",600,338,true],"woocommerce_gallery_thumbnail":["https:\/\/congressocmba.com.br\/site\/wp-content\/uploads\/2026\/02\/saoss-meeting-room-1576-hor-wide-100x100.jpg",100,100,true]},"uagb_author_info":{"display_name":"CMBA","author_link":"https:\/\/congressocmba.com.br\/site\/author\/cmba\/"},"uagb_comment_info":0,"uagb_excerpt":"Sheraton Santos Hotel 27 e 28 de Novembro de 2026 Santos ser\u00e1 o palco do maior evento de Acupuntura na Am\u00e9rica Latina Santos &#8211; SP A cidade de Santos, localizada a apenas uma hora de S\u00e3o Paulo, \u00e9 o destino perfeito para sediar o XXX Congresso Internacional de Acupuntura do CMBA. Reconhecida mundialmente por abrigar&hellip;","_links":{"self":[{"href":"https:\/\/congressocmba.com.br\/site\/wp-json\/wp\/v2\/pages\/2190","targetHints":{"allow":["GET"]}}],"collection":[{"href":"https:\/\/congressocmba.com.br\/site\/wp-json\/wp\/v2\/pages"}],"about":[{"href":"https:\/\/congressocmba.com.br\/site\/wp-json\/wp\/v2\/types\/page"}],"author":[{"embeddable":true,"href":"https:\/\/congressocmba.com.br\/site\/wp-json\/wp\/v2\/users\/2"}],"replies":[{"embeddable":true,"href":"https:\/\/congressocmba.com.br\/site\/wp-json\/wp\/v2\/comments?post=2190"}],"version-history":[{"count":1,"href":"https:\/\/congressocmba.com.br\/site\/wp-json\/wp\/v2\/pages\/2190\/revisions"}],"predecessor-version":[{"id":3365,"href":"https:\/\/congressocmba.com.br\/site\/wp-json\/wp\/v2\/pages\/2190\/revisions\/3365"}],"wp:featuredmedia":[{"embeddable":true,"href":"https:\/\/congressocmba.com.br\/site\/wp-json\/wp\/v2\/media\/3272"}],"wp:attachment":[{"href":"https:\/\/congressocmba.com.br\/site\/wp-json\/wp\/v2\/media?parent=2190"}],"curies":[{"name":"wp","href":"https:\/\/api.w.org\/{rel}","templated":true}]}}