{"id":465,"date":"2022-06-06T15:17:07","date_gmt":"2022-06-06T18:17:07","guid":{"rendered":"http:\/\/congressocmba.com.br\/site\/?page_id=465"},"modified":"2026-04-03T01:51:46","modified_gmt":"2026-04-03T04:51:46","slug":"programacao-cientifica","status":"publish","type":"page","link":"https:\/\/congressocmba.com.br\/site\/programacao-cientifica\/","title":{"rendered":"Programa\u00e7\u00e3o"},"content":{"rendered":"\n<div class=\"wp-block-stackable-columns alignfull stk-block-columns stk-block stk-cf247fd stk-block-background\" data-block-id=\"cf247fd\"><style>.stk-cf247fd {background-color:var(--theme-palette-color-1, #3565AD) !important;background-position:center center !important;padding-top:60px !important;padding-bottom:60px !important;margin-bottom:0px !important;}.stk-cf247fd:before{background-color:var(--theme-palette-color-1, #3565AD) !important;}@media screen and (max-width:999px){.stk-cf247fd {padding-top:170px !important;padding-bottom:100px !important;}}<\/style><div class=\"stk-row stk-inner-blocks has-text-align-center stk-block-content stk-content-align stk-cf247fd-column\">\n<div class=\"wp-block-stackable-column stk-block-column stk-column stk-block stk-1d93b9f\" data-v=\"4\" data-block-id=\"1d93b9f\"><style>.stk-1d93b9f-container{margin-top:0px !important;margin-right:0px !important;margin-bottom:0px !important;margin-left:0px !important;}<\/style><div class=\"stk-column-wrapper stk-block-column__content stk-container stk-1d93b9f-container stk--no-background stk--no-padding\"><div class=\"stk-block-content stk-inner-blocks stk-1d93b9f-inner-blocks\">\n<div class=\"wp-block-stackable-heading stk-block-heading stk-block-heading--v2 stk-block stk-436ce8b\" id=\"programacao-cientifica\" data-block-id=\"436ce8b\"><style>.stk-436ce8b {margin-bottom:20px !important;}.stk-436ce8b .stk-block-heading__text{font-size:50px !important;color:var(--theme-palette-color-8, #ffffff) !important;line-height:1.5em !important;font-weight:800 !important;}@media screen and (max-width:999px){.stk-436ce8b .stk-block-heading__text{font-size:35px !important;}}@media screen and (max-width:689px){.stk-436ce8b .stk-block-heading__text{font-size:30px !important;}}<\/style><h2 class=\"stk-block-heading__text has-text-color has-palette-color-8-color\">Programa\u00e7\u00e3o Cient\u00edfica<\/h2><\/div>\n<\/div><\/div><\/div>\n<\/div><\/div>\n\n\n\n<div class=\"wp-block-stackable-spacer stk-block-spacer stk--no-padding stk-block stk-b53b987\" data-block-id=\"b53b987\"><style>.stk-b53b987 {height:130px !important;}@media screen and (max-width:999px){.stk-b53b987 {height:80px !important;}}@media screen and (max-width:689px){.stk-b53b987 {height:60px !important;}}<\/style><\/div>\n\n\n\n<div class=\"wp-block-stackable-columns alignfull stk-block-columns stk-block stk-0f3050e\" data-block-id=\"0f3050e\"><style>.stk-0f3050e {margin-top:var(--stk--preset--spacing--70, 3.38rem) !important;margin-bottom:var(--stk--preset--spacing--70, 3.38rem) !important;}<\/style><div class=\"stk-row stk-inner-blocks stk-block-content stk-content-align stk-0f3050e-column alignwide\">\n<div class=\"wp-block-stackable-column stk-block-column stk-column stk-block stk-6ca02ce\" data-v=\"4\" data-block-id=\"6ca02ce\"><style>.stk-6ca02ce {align-self:center !important;}@media screen and (min-width:690px){.stk-6ca02ce {flex:var(--stk-flex-grow, 1) 1 calc(40% - var(--stk-column-gap, 0px) * 1 \/ 2 ) !important;}}<\/style><div class=\"stk-column-wrapper stk-block-column__content stk-container stk-6ca02ce-container stk--no-background stk--no-padding\"><div class=\"stk-block-content stk-inner-blocks stk-6ca02ce-inner-blocks\">\n<div class=\"wp-block-stackable-heading stk-block-heading stk-block-heading--v2 stk-block stk-2e0140b\" id=\"heading-placeholder\" data-block-id=\"2e0140b\"><h2 class=\"stk-block-heading__text\">Programa\u00e7\u00e3o do Evento<\/h2><\/div>\n\n\n\n<div class=\"wp-block-stackable-text stk-block-text stk-block stk-e1c0dae\" data-block-id=\"e1c0dae\"><p class=\"stk-block-text__text\">Dispon\u00edvel em breve!<\/p><\/div>\n\n\n\n<div class=\"wp-block-stackable-button-group stk-block-button-group stk-block stk-43cf2bb\" data-block-id=\"43cf2bb\"><div class=\"stk-row stk-inner-blocks stk-block-content stk-button-group\">\n<div class=\"wp-block-stackable-button stk-block-button stk-block stk-4aa7590\" data-block-id=\"4aa7590\"><a class=\"stk-link stk-button stk--hover-effect-darken\" href=\"\"><span class=\"stk-button__inner-text\">EM BREVE<\/span><\/a><\/div>\n<\/div><\/div>\n<\/div><\/div><\/div>\n\n\n\n<div class=\"wp-block-stackable-column stk-block-column stk-column stk-block stk-07a7bc8\" data-v=\"4\" data-block-id=\"07a7bc8\"><style>@media screen and (min-width:690px){.stk-07a7bc8 {flex:var(--stk-flex-grow, 1) 1 calc(60% - var(--stk-column-gap, 0px) * 1 \/ 2 ) !important;}}<\/style><div class=\"stk-column-wrapper stk-block-column__content stk-container stk-07a7bc8-container stk--no-background stk--no-padding\"><div class=\"stk-block-content stk-inner-blocks stk-07a7bc8-inner-blocks\">\n<div class=\"wp-block-stackable-columns stk-block-columns stk-block stk-855449a\" data-block-id=\"855449a\"><div class=\"stk-row stk-inner-blocks stk-block-content stk-content-align stk-855449a-column\">\n<div class=\"wp-block-stackable-column stk-block-column stk-column stk-block stk-dfdf50a\" data-v=\"4\" data-block-id=\"dfdf50a\"><div class=\"stk-column-wrapper stk-block-column__content stk-container stk-dfdf50a-container stk--no-background stk--no-padding\"><div class=\"stk-block-content stk-inner-blocks stk-dfdf50a-inner-blocks\">\n<div class=\"wp-block-stackable-image stk-block-image stk-block stk-12f9d77\" data-block-id=\"12f9d77\"><style>.stk-12f9d77 .stk-img-wrapper{aspect-ratio:2\/3 !important;height:auto !important;}@media screen and (max-width:999px){.stk-12f9d77 .stk-img-wrapper{height:auto !important;}}@media screen and (max-width:689px){.stk-12f9d77 .stk-img-wrapper{height:auto !important;}}<\/style><figure><span class=\"stk-img-wrapper stk-image--shape-stretch\"><img loading=\"lazy\" decoding=\"async\" class=\"stk-img wp-image-3272\" src=\"http:\/\/congressocmba.com.br\/site\/wp-content\/uploads\/2026\/02\/saoss-meeting-room-1576-hor-wide-scaled.jpg\" width=\"2560\" height=\"1440\" srcset=\"https:\/\/congressocmba.com.br\/site\/wp-content\/uploads\/2026\/02\/saoss-meeting-room-1576-hor-wide-scaled.jpg 2560w, https:\/\/congressocmba.com.br\/site\/wp-content\/uploads\/2026\/02\/saoss-meeting-room-1576-hor-wide-300x169.jpg 300w, https:\/\/congressocmba.com.br\/site\/wp-content\/uploads\/2026\/02\/saoss-meeting-room-1576-hor-wide-1024x576.jpg 1024w, https:\/\/congressocmba.com.br\/site\/wp-content\/uploads\/2026\/02\/saoss-meeting-room-1576-hor-wide-768x432.jpg 768w, https:\/\/congressocmba.com.br\/site\/wp-content\/uploads\/2026\/02\/saoss-meeting-room-1576-hor-wide-1536x864.jpg 1536w, https:\/\/congressocmba.com.br\/site\/wp-content\/uploads\/2026\/02\/saoss-meeting-room-1576-hor-wide-2048x1152.jpg 2048w, https:\/\/congressocmba.com.br\/site\/wp-content\/uploads\/2026\/02\/saoss-meeting-room-1576-hor-wide-600x338.jpg 600w\" sizes=\"auto, (max-width: 2560px) 100vw, 2560px\" \/><\/span><\/figure><\/div>\n<\/div><\/div><\/div>\n\n\n\n<div class=\"wp-block-stackable-column stk-block-column stk-column stk-block stk-289c735\" data-v=\"4\" data-block-id=\"289c735\"><style>.stk-289c735 {margin-top:50px !important;}<\/style><div class=\"stk-column-wrapper stk-block-column__content stk-container stk-289c735-container stk--no-background stk--no-padding\"><div class=\"stk-block-content stk-inner-blocks stk-289c735-inner-blocks\">\n<div class=\"wp-block-stackable-image stk-block-image stk-block stk-11d309e\" data-block-id=\"11d309e\"><style>.stk-11d309e .stk-img-wrapper{aspect-ratio:2\/3 !important;height:auto !important;}@media screen and (max-width:999px){.stk-11d309e .stk-img-wrapper{height:auto !important;}}@media screen and (max-width:689px){.stk-11d309e .stk-img-wrapper{height:auto !important;}}<\/style><figure><span class=\"stk-img-wrapper stk-image--shape-stretch\"><img loading=\"lazy\" decoding=\"async\" class=\"stk-img wp-image-1899\" src=\"http:\/\/congressocmba.com.br\/site\/wp-content\/uploads\/2023\/11\/CongressoCMBA300.jpg\" width=\"1620\" height=\"1080\"\/><\/span><\/figure><\/div>\n<\/div><\/div><\/div>\n<\/div><\/div>\n<\/div><\/div><\/div>\n<\/div><\/div>\n\n\n\n<div class=\"wp-block-stackable-spacer stk-block-spacer stk--no-padding stk-block stk-6d06ecf\" data-block-id=\"6d06ecf\"><style>.stk-6d06ecf {height:130px !important;}@media screen and (max-width:999px){.stk-6d06ecf {height:80px !important;}}@media screen and (max-width:689px){.stk-6d06ecf {height:60px !important;}}<\/style><\/div>\n\n\n\n<div class=\"wp-block-group is-layout-constrained wp-block-group-is-layout-constrained\">\n<div style=\"height:100px\" aria-hidden=\"true\" class=\"wp-block-spacer\"><\/div>\n\n\n\n<h2 class=\"wp-block-heading has-text-align-center\">Ag\u00eancia de Turismo Oficial e Organizadora<\/h2>\n\n\n\n<figure class=\"wp-block-image aligncenter size-full is-resized\"><img loading=\"lazy\" decoding=\"async\" width=\"1600\" height=\"1387\" src=\"http:\/\/congressocmba.com.br\/site\/wp-content\/uploads\/2026\/04\/WhatsApp-Image-2026-04-06-at-13.15.46.jpeg\" alt=\"\" class=\"wp-image-3358\" style=\"width:146px;height:74px\" srcset=\"https:\/\/congressocmba.com.br\/site\/wp-content\/uploads\/2026\/04\/WhatsApp-Image-2026-04-06-at-13.15.46.jpeg 1600w, https:\/\/congressocmba.com.br\/site\/wp-content\/uploads\/2026\/04\/WhatsApp-Image-2026-04-06-at-13.15.46-300x260.jpeg 300w, https:\/\/congressocmba.com.br\/site\/wp-content\/uploads\/2026\/04\/WhatsApp-Image-2026-04-06-at-13.15.46-1024x888.jpeg 1024w, https:\/\/congressocmba.com.br\/site\/wp-content\/uploads\/2026\/04\/WhatsApp-Image-2026-04-06-at-13.15.46-768x666.jpeg 768w, https:\/\/congressocmba.com.br\/site\/wp-content\/uploads\/2026\/04\/WhatsApp-Image-2026-04-06-at-13.15.46-1536x1332.jpeg 1536w, https:\/\/congressocmba.com.br\/site\/wp-content\/uploads\/2026\/04\/WhatsApp-Image-2026-04-06-at-13.15.46-600x520.jpeg 600w\" sizes=\"auto, (max-width: 1600px) 100vw, 1600px\" \/><\/figure>\n\n\n\n<style>\n  \/* Container para centralizar o bot\u00e3o *\/\n  .whatsapp-header-container {\n    display: flex;\n    justify-content: center;\n    align-items: center;\n    width: 100%;\n    padding: 10px 0; \/* Espa\u00e7amento opcional em cima e embaixo *\/\n  }\n\n  \/* Estilos do bot\u00e3o (mantidos) *\/\n  .whatsapp-header-btn {\n    display: inline-flex;\n    align-items: center;\n    gap: 8px;\n    background-color: #25d366;\n    color: #ffffff !important;\n    font-family: 'Inter', 'Montserrat', sans-serif;\n    font-size: 14px;\n    font-weight: 600;\n    text-decoration: none;\n    padding: 8px 16px;\n    border-radius: 6px;\n    transition: background-color 0.2s ease;\n  }\n\n  .whatsapp-header-btn:hover {\n    background-color: #1ebe57;\n  }\n\n  .whatsapp-header-btn svg {\n    width: 18px;\n    height: 18px;\n    fill: currentColor;\n  }\n<\/style>\n\n<div class=\"whatsapp-header-container\">\n  <a href=\"https:\/\/wa.me\/13974012737\" target=\"_blank\" rel=\"noopener noreferrer\" class=\"whatsapp-header-btn\">\n    <svg xmlns=\"http:\/\/www.w3.org\/2000\/svg\" viewBox=\"0 0 448 512\">\n      <path d=\"M380.9 97.1C339 55.1 283.2 32 223.9 32c-122.4 0-222 99.6-222 222 0 39.1 10.2 77.3 29.6 111L0 480l117.7-30.9c32.4 17.7 68.9 27 106.1 27h.1c122.3 0 224.1-99.6 224.1-222 0-59.3-25.2-115-67.1-157zM223.9 413.6c-33.6 0-66.5-9-95.2-26.1l-6.8-4-70.8 18.6 18.9-69.1-4.4-7C45.3 291 35.5 257.9 35.5 225.4c0-103.9 84.6-188.5 188.5-188.5 57 0 110.6 22.2 150.9 62.5s62.5 93.9 62.5 150.9c-.1 103.9-84.7 188.4-188.5 188.3zm103.4-139.7c-5.7-2.8-33.6-16.6-38.8-18.5-5.2-1.9-9-2.8-12.8 2.8-3.8 5.7-14.7 18.5-18 22.2-3.3 3.8-6.6 4.3-12.3 1.4-5.7-2.8-24-8.8-45.7-28.2-16.9-15.1-28.3-33.8-31.1-39.4-2.8-5.7-.3-8.8 2.6-11.6 2.6-2.6 5.7-6.6 8.5-9.9 2.8-3.3 3.8-5.7 5.7-9.5 1.9-3.8.9-7.1-.5-9.9-1.4-2.8-12.8-30.8-17.5-42.2-4.6-11.1-9.3-9.6-12.8-9.8-3.3-.1-7.1-.1-10.9-.1-3.8 0-9.9 1.4-15.1 7.1-5.2 5.7-20 19.4-20 47.4 0 28 20.4 55.1 23.2 58.8 2.8 3.8 40.1 61.2 97.1 85.8 13.6 5.9 24.2 9.4 32.5 12 13.7 4.3 26.2 3.7 36 2.2 11.1-1.7 33.6-13.7 38.3-27 4.7-13.3 4.7-24.6 3.3-27-1.4-2.5-5.2-3.9-10.9-6.7z\"\/>\n    <\/svg>\n    Atendimento via WhatsApp\n  <\/a>\n<\/div>\n\n\n\n<div style=\"height:100px\" aria-hidden=\"true\" class=\"wp-block-spacer\"><\/div>\n<\/div>\n","protected":false},"excerpt":{"rendered":"<p>Programa\u00e7\u00e3o Cient\u00edfica Programa\u00e7\u00e3o do Evento Dispon\u00edvel em breve! EM BREVE<\/p>\n","protected":false},"author":1,"featured_media":0,"parent":0,"menu_order":0,"comment_status":"closed","ping_status":"closed","template":"","meta":{"qubely_global_settings":"","qubely_interactions":"","_uag_custom_page_level_css":"","footnotes":""},"class_list":["post-465","page","type-page","status-publish","hentry"],"blocksy_meta":{"page_title_panel":"","has_hero_section":"disabled","0d250a00a8566f2f0313098d85f6944a":"","hero_section":"type-1","hero_elements":[{"id":"custom_title","enabled":true,"heading_tag":"h1","title":"Home"},{"id":"custom_description","enabled":true,"description_visibility":{"desktop":true,"tablet":true,"mobile":false}},{"id":"custom_meta","enabled":false,"meta_elements":[{"id":"author","enabled":true,"label":"By","has_author_avatar":"yes","avatar_size":25},{"id":"post_date","enabled":true,"label":"On","date_format_source":"default","date_format":"M j, Y"},{"id":"updated_date","enabled":false,"label":"On","date_format_source":"default","date_format":"M j, Y"},{"id":"categories","enabled":false,"label":"In","style":"simple"},{"id":"comments","enabled":true}],"page_meta_elements":{"joined":true,"articles_count":true,"comments":true}},{"id":"breadcrumbs","enabled":false}],"f1f885b9fe5879dade9e3b1017d64683":"","hero_alignment1":"CT_CSS_SKIP_RULE","hero_margin":40,"hero_alignment2":"center","hero_vertical_alignment":"center","b42f76bf5bc1f37939804e5d7aafb3cb":"","hero_structure":"narrow","e3971675bfd0707400b940a7a609741d":"","page_title_bg_type":"featured_image","custom_hero_background":{"attachment_id":null},"page_title_image_size":"full","parallax":{"desktop":false,"tablet":false,"mobile":false},"93aa90cd66038d66e8722e914f70d99e":"","hero_height":"250px","pageTitleFont":{"family":"Default","variation":"Default","size":"30px","line-height":"CT_CSS_SKIP_RULE","letter-spacing":"CT_CSS_SKIP_RULE","text-transform":"CT_CSS_SKIP_RULE","text-decoration":"CT_CSS_SKIP_RULE"},"pageTitleFontColor":{"default":{"color":"CT_CSS_SKIP_RULEDEFAULT"}},"pageMetaFont":{"family":"Default","variation":"n6","size":"12px","line-height":"1.3","letter-spacing":"CT_CSS_SKIP_RULE","text-transform":"uppercase","text-decoration":"CT_CSS_SKIP_RULE"},"pageMetaFontColor":{"default":{"color":"CT_CSS_SKIP_RULEDEFAULT"},"hover":{"color":"CT_CSS_SKIP_RULEDEFAULT"}},"page_meta_button_type_font_colors":{"default":{"color":"CT_CSS_SKIP_RULEDEFAULT"},"hover":{"color":"CT_CSS_SKIP_RULEDEFAULT"}},"page_meta_button_type_background_colors":{"default":{"color":"CT_CSS_SKIP_RULEDEFAULT"},"hover":{"color":"CT_CSS_SKIP_RULEDEFAULT"}},"pageExcerptFont":{"family":"Default","variation":"Default","size":"CT_CSS_SKIP_RULE","line-height":"CT_CSS_SKIP_RULE","letter-spacing":"CT_CSS_SKIP_RULE","text-transform":"CT_CSS_SKIP_RULE","text-decoration":"CT_CSS_SKIP_RULE"},"pageExcerptColor":{"default":{"color":"CT_CSS_SKIP_RULEDEFAULT"}},"breadcrumbsFont":{"family":"Default","variation":"Default","size":"CT_CSS_SKIP_RULE","line-height":"CT_CSS_SKIP_RULE","letter-spacing":"CT_CSS_SKIP_RULE","text-transform":"CT_CSS_SKIP_RULE","text-decoration":"CT_CSS_SKIP_RULE"},"breadcrumbsFontColor":{"default":{"color":"CT_CSS_SKIP_RULEDEFAULT"},"initial":{"color":"CT_CSS_SKIP_RULEDEFAULT"},"hover":{"color":"CT_CSS_SKIP_RULEDEFAULT"}},"pageTitleOverlay":{"background_type":"color","background_pattern":"type-1","background_image":{"attachment_id":null,"x":0,"y":0},"gradient":"linear-gradient(135deg,rgba(6,147,227,1) 0%,rgb(155,81,224) 100%)","background_repeat":"repeat","background_size":"auto","background_attachment":"scroll","patternColor":{"default":{"color":"#e5e7ea"}},"overlayColor":{"default":{"color":"CT_CSS_SKIP_RULE"}},"backgroundColor":{"default":{"color":"CT_CSS_SKIP_RULE"}}},"pageTitleBackground":{"background_type":"color","background_pattern":"type-1","background_image":{"attachment_id":null,"x":0,"y":0},"gradient":"linear-gradient(135deg,rgba(6,147,227,1) 0%,rgb(155,81,224) 100%)","background_repeat":"repeat","background_size":"auto","background_attachment":"scroll","patternColor":{"default":{"color":"#e5e7ea"}},"overlayColor":{"default":{"color":"CT_CSS_SKIP_RULE"}},"backgroundColor":{"default":{"color":"var(--theme-palette-color-6)"}}},"pageTitlePadding":{"top":"50px","bottom":"50px","left":"auto","right":"auto","linked":true},"1974eaa6e869509a19e5dd9e845e3134":"","page_structure_type":"default","9a705e5e3bd57b58359b397631e410db":"","content_style_source":"inherit","content_style":"wide","vertical_spacing_source":"custom","content_area_spacing":"none","background":{"background_type":"color","background_pattern":"type-1","background_image":{"attachment_id":null,"x":0,"y":0},"gradient":"linear-gradient(135deg,rgba(6,147,227,1) 0%,rgb(155,81,224) 100%)","background_repeat":"repeat","background_size":"auto","background_attachment":"scroll","patternColor":{"default":{"color":"#e5e7ea"}},"overlayColor":{"default":{"color":"CT_CSS_SKIP_RULE"}},"backgroundColor":{"default":{"color":"CT_CSS_SKIP_RULE"}}},"content_background":{"background_type":"color","background_pattern":"type-1","background_image":{"attachment_id":null,"x":0,"y":0},"gradient":"linear-gradient(135deg,rgba(6,147,227,1) 0%,rgb(155,81,224) 100%)","background_repeat":"repeat","background_size":"auto","background_attachment":"scroll","patternColor":{"default":{"color":"#e5e7ea"}},"overlayColor":{"default":{"color":"CT_CSS_SKIP_RULE"}},"backgroundColor":{"default":{"color":"var(--theme-palette-color-8)"}}},"content_boxed_shadow":{"inherit":false,"blur":18,"spread":-6,"v_offset":12,"h_offset":0,"inset":false,"enable":true,"color":{"color":"rgba(34, 56, 101, 0.04)"}},"boxed_content_spacing":{"desktop":{"top":"40px","bottom":"40px","left":"40px","right":"40px","linked":true},"tablet":{"top":"35px","bottom":"35px","left":"35px","right":"35px","linked":true},"mobile":{"top":"20px","bottom":"20px","left":"20px","right":"20px","linked":true}},"content_boxed_radius":{"top":"3px","bottom":"3px","left":"3px","right":"3px","linked":true},"0e395ffd9c465e46428e68c54f8b4d79":"","disable_featured_image":"no","disable_share_box":"no","disable_header":"no","disable_footer":"no","styles_descriptor":{"styles":{"desktop":"","tablet":"","mobile":""},"google_fonts":[],"version":6}},"uagb_featured_image_src":{"full":false,"thumbnail":false,"medium":false,"medium_large":false,"large":false,"1536x1536":false,"2048x2048":false,"qubely_landscape":false,"qubely_portrait":false,"qubely_thumbnail":false,"woocommerce_archive_thumbnail":false,"woocommerce_thumbnail":false,"woocommerce_single":false,"woocommerce_gallery_thumbnail":false},"uagb_author_info":{"display_name":"herminio","author_link":"https:\/\/congressocmba.com.br\/site\/author\/herminio\/"},"uagb_comment_info":0,"uagb_excerpt":"Programa\u00e7\u00e3o Cient\u00edfica Programa\u00e7\u00e3o do Evento Dispon\u00edvel em breve! EM BREVE","_links":{"self":[{"href":"https:\/\/congressocmba.com.br\/site\/wp-json\/wp\/v2\/pages\/465","targetHints":{"allow":["GET"]}}],"collection":[{"href":"https:\/\/congressocmba.com.br\/site\/wp-json\/wp\/v2\/pages"}],"about":[{"href":"https:\/\/congressocmba.com.br\/site\/wp-json\/wp\/v2\/types\/page"}],"author":[{"embeddable":true,"href":"https:\/\/congressocmba.com.br\/site\/wp-json\/wp\/v2\/users\/1"}],"replies":[{"embeddable":true,"href":"https:\/\/congressocmba.com.br\/site\/wp-json\/wp\/v2\/comments?post=465"}],"version-history":[{"count":0,"href":"https:\/\/congressocmba.com.br\/site\/wp-json\/wp\/v2\/pages\/465\/revisions"}],"wp:attachment":[{"href":"https:\/\/congressocmba.com.br\/site\/wp-json\/wp\/v2\/media?parent=465"}],"curies":[{"name":"wp","href":"https:\/\/api.w.org\/{rel}","templated":true}]}}