{"id":800,"date":"2023-03-21T09:32:09","date_gmt":"2023-03-21T12:32:09","guid":{"rendered":"https:\/\/congressocmba.com.br\/site\/?page_id=800"},"modified":"2026-04-15T10:41:03","modified_gmt":"2026-04-15T13:41:03","slug":"trabalhos-cientificos","status":"publish","type":"page","link":"https:\/\/congressocmba.com.br\/site\/trabalhos-cientificos\/","title":{"rendered":"Trabalhos Cient\u00edficos"},"content":{"rendered":"\n<div class=\"wp-block-stackable-columns alignfull stk-block-columns stk-block stk-cf247fd stk-block-background\" data-block-id=\"cf247fd\"><style>.stk-cf247fd {background-color:var(--theme-palette-color-1, #3565AD) !important;background-position:center center !important;padding-top:60px !important;padding-bottom:60px !important;margin-bottom:0px !important;}.stk-cf247fd:before{background-color:var(--theme-palette-color-1, #3565AD) !important;}@media screen and (max-width:999px){.stk-cf247fd {padding-top:170px !important;padding-bottom:100px !important;}}<\/style><div class=\"stk-row stk-inner-blocks has-text-align-center stk-block-content stk-content-align stk-cf247fd-column\">\n<div class=\"wp-block-stackable-column stk-block-column stk-column stk-block stk-1d93b9f\" data-v=\"4\" data-block-id=\"1d93b9f\"><style>.stk-1d93b9f-container{margin-top:0px !important;margin-right:0px !important;margin-bottom:0px !important;margin-left:0px !important;}<\/style><div class=\"stk-column-wrapper stk-block-column__content stk-container stk-1d93b9f-container stk--no-background stk--no-padding\"><div class=\"stk-block-content stk-inner-blocks stk-1d93b9f-inner-blocks\">\n<div class=\"wp-block-stackable-heading stk-block-heading stk-block-heading--v2 stk-block stk-436ce8b\" id=\"trabalhos-cientificos\" data-block-id=\"436ce8b\"><style>.stk-436ce8b {margin-bottom:20px !important;}.stk-436ce8b .stk-block-heading__text{font-size:50px !important;color:var(--theme-palette-color-8, #ffffff) !important;line-height:1.5em !important;font-weight:800 !important;}@media screen and (max-width:999px){.stk-436ce8b .stk-block-heading__text{font-size:35px !important;}}@media screen and (max-width:689px){.stk-436ce8b .stk-block-heading__text{font-size:30px !important;}}<\/style><h2 class=\"stk-block-heading__text has-text-color has-palette-color-8-color\">Trabalhos Cient\u00edficos<\/h2><\/div>\n<\/div><\/div><\/div>\n<\/div><\/div>\n\n\n\n<div class=\"wp-block-stackable-spacer stk-block-spacer stk--no-padding stk-block stk-b53b987\" data-block-id=\"b53b987\"><style>.stk-b53b987 {height:130px !important;}@media screen and (max-width:999px){.stk-b53b987 {height:80px !important;}}@media screen and (max-width:689px){.stk-b53b987 {height:60px !important;}}<\/style><\/div>\n\n\n\n<div class=\"wp-block-stackable-columns stk-block-columns stk-block stk-a7f0a63\" data-block-id=\"a7f0a63\"><div class=\"stk-row stk-inner-blocks stk-block-content stk-content-align stk-a7f0a63-column\">\n<div class=\"wp-block-stackable-column stk-block-column stk-column stk-block stk-9c33eea\" data-v=\"4\" data-block-id=\"9c33eea\"><div class=\"stk-column-wrapper stk-block-column__content stk-container stk-9c33eea-container stk--no-background stk--no-padding\"><div class=\"stk-block-content stk-inner-blocks stk-9c33eea-inner-blocks\">\n<style>\n    .cmba-sci-wrapper {\n        max-width: 1000px;\n        margin: 0 auto;\n        font-family: var(--theme-font-family, system-ui, -apple-system, sans-serif);\n        color: #334155;\n        line-height: 1.6;\n    }\n\n    \/* Hero Section *\/\n    .cmba-sci-header {\n        background: linear-gradient(135deg, #041431 0%, #3565AD 100%);\n        border-radius: 16px;\n        padding: 40px;\n        color: white;\n        display: flex;\n        flex-wrap: wrap;\n        gap: 30px;\n        align-items: center;\n        justify-content: space-between;\n        margin-bottom: 40px;\n        box-shadow: 0 10px 30px rgba(53, 101, 173, 0.15);\n    }\n    .cmba-sci-header-text h2 {\n        color: white;\n        margin: 0 0 10px 0;\n        font-size: 28px;\n        font-weight: 800;\n    }\n    .cmba-sci-header-text p {\n        margin: 0;\n        font-size: 16px;\n        opacity: 0.9;\n    }\n    .cmba-sci-btn-download {\n        background-color: #f00069;\n        color: white !important;\n        padding: 14px 28px;\n        border-radius: 8px;\n        font-weight: 700;\n        text-decoration: none;\n        display: inline-flex;\n        align-items: center;\n        gap: 10px;\n        transition: background-color 0.3s, transform 0.2s;\n        border: none;\n        box-shadow: 0 4px 12px rgba(240, 0, 105, 0.3);\n    }\n    .cmba-sci-btn-download:hover {\n        background-color: #c40055;\n        transform: translateY(-2px);\n    }\n\n    \/* Alerts \/ Info Cards *\/\n    .cmba-sci-alerts {\n        display: grid;\n        grid-template-columns: repeat(auto-fit, minmax(280px, 1fr));\n        gap: 20px;\n        margin-bottom: 40px;\n    }\n    .cmba-sci-alert-card {\n        padding: 20px;\n        border-radius: 12px;\n        display: flex;\n        align-items: center;\n        gap: 15px;\n        font-weight: 600;\n        font-size: 16px;\n    }\n    .cmba-sci-alert-card.deadline {\n        background-color: #fffbeb;\n        border-left: 5px solid #d97706;\n        color: #92400e;\n    }\n    .cmba-sci-alert-card.email {\n        background-color: #f0fdf4;\n        border-left: 5px solid #16a34a;\n        color: #166534;\n    }\n    .cmba-sci-alert-icon {\n        background: white;\n        padding: 10px;\n        border-radius: 50%;\n        display: flex;\n        box-shadow: 0 2px 4px rgba(0,0,0,0.05);\n    }\n\n    \/* Rules Grid *\/\n    .cmba-sci-section-title {\n        font-size: 24px;\n        color: #041431;\n        border-bottom: 2px solid #e2e8f0;\n        padding-bottom: 10px;\n        margin-bottom: 25px;\n        font-weight: 700;\n    }\n    .cmba-sci-rules-grid {\n        display: grid;\n        grid-template-columns: repeat(auto-fit, minmax(300px, 1fr));\n        gap: 25px;\n        margin-bottom: 40px;\n    }\n    .cmba-sci-rule-box {\n        background: white;\n        border: 1px solid #e2e8f0;\n        border-radius: 12px;\n        padding: 25px;\n        box-shadow: 0 4px 6px -1px rgba(0,0,0,0.05);\n    }\n    .cmba-sci-rule-box h4 {\n        color: #3565AD;\n        margin: 0 0 15px 0;\n        font-size: 18px;\n        display: flex;\n        align-items: center;\n        gap: 10px;\n    }\n    .cmba-sci-rule-box ul {\n        margin: 0;\n        padding-left: 20px;\n    }\n    .cmba-sci-rule-box li {\n        margin-bottom: 10px;\n        font-size: 15px;\n    }\n\n    \/* Abstract Structure Steps *\/\n    .cmba-sci-structure {\n        display: grid;\n        grid-template-columns: repeat(auto-fit, minmax(200px, 1fr));\n        gap: 15px;\n        margin-bottom: 40px;\n    }\n    .cmba-sci-step {\n        background: #f8fafc;\n        border-top: 4px solid #3565AD;\n        padding: 20px;\n        border-radius: 8px;\n    }\n    .cmba-sci-step h5 {\n        margin: 0 0 10px 0;\n        color: #041431;\n        font-size: 16px;\n        text-transform: uppercase;\n        letter-spacing: 1px;\n    }\n    .cmba-sci-step p {\n        margin: 0;\n        font-size: 14px;\n        color: #475569;\n    }\n\n    \/* Full width text block *\/\n    .cmba-sci-text-block {\n        background: white;\n        padding: 30px;\n        border-radius: 12px;\n        border: 1px solid #e2e8f0;\n        margin-bottom: 20px;\n        font-size: 15px;\n    }\n    .cmba-sci-text-block p {\n        margin-top: 0;\n    }\n    .cmba-sci-text-block p:last-child {\n        margin-bottom: 0;\n    }\n\n    @media (max-width: 600px) {\n        .cmba-sci-header { padding: 25px; text-align: center; justify-content: center; }\n        .cmba-sci-btn-download { width: 100%; justify-content: center; }\n    }\n<\/style>\n\n<div class=\"cmba-sci-wrapper\">\n\n    <div class=\"cmba-sci-header\">\n        <div class=\"cmba-sci-header-text\">\n            <h2>Modelo de P\u00f4ster (E-Poster)<\/h2>\n            <p>Baixe o template oficial em formato PowerPoint para a sua apresenta\u00e7\u00e3o.<\/p>\n        <\/div>\n        <a href=\"https:\/\/congressocmba.com.br\/site\/wp-content\/uploads\/2025\/11\/MODELO-POSTER-CMBA.pptx\" class=\"cmba-sci-btn-download\" target=\"_blank\">\n            <svg width=\"20\" height=\"20\" fill=\"none\" stroke=\"currentColor\" viewBox=\"0 0 24 24\"><path stroke-linecap=\"round\" stroke-linejoin=\"round\" stroke-width=\"2\" d=\"M4 16v1a3 3 0 003 3h10a3 3 0 003-3v-1m-4-4l-4 4m0 0l-4-4m4 4V4\"><\/path><\/svg>\n            BAIXAR TEMPLATE (PPT)\n        <\/a>\n    <\/div>\n\n    <div class=\"cmba-sci-alerts\">\n        <div class=\"cmba-sci-alert-card deadline\">\n            <div class=\"cmba-sci-alert-icon\">\n                <svg width=\"24\" height=\"24\" fill=\"none\" stroke=\"#d97706\" viewBox=\"0 0 24 24\"><path stroke-linecap=\"round\" stroke-linejoin=\"round\" stroke-width=\"2\" d=\"M12 8v4l3 3m6-3a9 9 0 11-18 0 9 9 0 0118 0z\"><\/path><\/svg>\n            <\/div>\n            <div>\n                <span style=\"display:block; font-size: 13px; text-transform: uppercase; opacity: 0.8;\">Data Limite<\/span>\n                <strong>02 de Outubro de 2026<\/strong>\n            <\/div>\n        <\/div>\n\n        <div class=\"cmba-sci-alert-card email\">\n            <div class=\"cmba-sci-alert-icon\">\n                <svg width=\"24\" height=\"24\" fill=\"none\" stroke=\"#16a34a\" viewBox=\"0 0 24 24\"><path stroke-linecap=\"round\" stroke-linejoin=\"round\" stroke-width=\"2\" d=\"M3 8l7.89 5.26a2 2 0 002.22 0L21 8M5 19h14a2 2 0 002-2V7a2 2 0 00-2-2H5a2 2 0 00-2 2v10a2 2 0 002 2z\"><\/path><\/svg>\n            <\/div>\n            <div>\n                <span style=\"display:block; font-size: 13px; text-transform: uppercase; opacity: 0.8;\">Envio de Trabalhos<\/span>\n                <strong><a href=\"mailto:cientifica@cmba.org.br\" style=\"color: inherit;\">cientifica@cmba.org.br<\/a><\/strong>\n            <\/div>\n        <\/div>\n    <\/div>\n\n    <h3 class=\"cmba-sci-section-title\">Regras para Submiss\u00e3o<\/h3>\n\n    <div class=\"cmba-sci-rules-grid\">\n        <div class=\"cmba-sci-rule-box\">\n            <h4><svg width=\"20\" height=\"20\" fill=\"none\" stroke=\"currentColor\" viewBox=\"0 0 24 24\"><path stroke-linecap=\"round\" stroke-linejoin=\"round\" stroke-width=\"2\" d=\"M9 12h6m-6 4h6m2 5H7a2 2 0 01-2-2V5a2 2 0 012-2h5.586a1 1 0 01.707.293l5.414 5.414a1 1 0 01.293.707V19a2 2 0 01-2 2z\"><\/path><\/svg> Formata\u00e7\u00e3o B\u00e1sica<\/h4>\n            <ul>\n                <li>O limite m\u00e1ximo \u00e9 de <strong>300 palavras<\/strong> (excluindo t\u00edtulo, autores e institui\u00e7\u00f5es).<\/li>\n                <li>Todos os resumos devem ser escritos, submetidos e apresentados em <strong>Portugu\u00eas<\/strong>.<\/li>\n                <li>Os resumos dever\u00e3o ser submetidos exclusivamente online via e-mail antes da meia-noite (GMT) da data limite.<\/li>\n                <li>Nomes n\u00e3o comerciais de medicamentos devem ser usados no texto.<\/li>\n            <\/ul>\n        <\/div>\n\n        <div class=\"cmba-sci-rule-box\">\n            <h4><svg width=\"20\" height=\"20\" fill=\"none\" stroke=\"currentColor\" viewBox=\"0 0 24 24\"><path stroke-linecap=\"round\" stroke-linejoin=\"round\" stroke-width=\"2\" d=\"M15 10l4.553-2.276A1 1 0 0121 8.618v6.764a1 1 0 01-1.447.894L15 14M5 18h8a2 2 0 002-2V8a2 2 0 00-2-2H5a2 2 0 00-2 2v8a2 2 0 002 2z\"><\/path><\/svg> Aprova\u00e7\u00e3o e Apresenta\u00e7\u00e3o<\/h4>\n            <ul>\n                <li>O autor principal dever\u00e1 <strong>inscrever-se no congresso<\/strong> para aceita\u00e7\u00e3o final. Resumos sem autor inscrito ser\u00e3o exclu\u00eddos.<\/li>\n                <li>Autores de resumos selecionados gravar\u00e3o um <strong>v\u00eddeo de apresenta\u00e7\u00e3o (at\u00e9 20 min)<\/strong> para avalia\u00e7\u00e3o da comiss\u00e3o e premia\u00e7\u00e3o.<\/li>\n                <li>A correspond\u00eancia ser\u00e1 enviada apenas ao autor respons\u00e1vel pelo envio.<\/li>\n            <\/ul>\n        <\/div>\n    <\/div>\n\n    <h3 class=\"cmba-sci-section-title\">Estrutura Obrigat\u00f3ria do Resumo<\/h3>\n    <p style=\"margin-bottom: 20px; color: #475569;\">O resumo deve ser estruturado rigorosamente em 4 se\u00e7\u00f5es. <strong>Aten\u00e7\u00e3o:<\/strong> Figuras, tabelas e outras ilustra\u00e7\u00f5es n\u00e3o podem ser inclu\u00eddas no resumo de submiss\u00e3o.<\/p>\n\n    <div class=\"cmba-sci-structure\">\n        <div class=\"cmba-sci-step\" style=\"border-color: #3b82f6;\">\n            <h5>1. Objetivo<\/h5>\n            <p>Deve indicar claramente os objetivos do trabalho que est\u00e1 sendo apresentado.<\/p>\n        <\/div>\n        <div class=\"cmba-sci-step\" style=\"border-color: #8b5cf6;\">\n            <h5>2. M\u00e9todo<\/h5>\n            <p>Descreva o material ou sujeitos do estudo (ex: n\u00famero\/tipo de participantes), procedimentos de interven\u00e7\u00e3o e avalia\u00e7\u00e3o.<\/p>\n        <\/div>\n        <div class=\"cmba-sci-step\" style=\"border-color: #10b981;\">\n            <h5>3. Resultados<\/h5>\n            <p>Resuma as principais conclus\u00f5es. Forne\u00e7a valores num\u00e9ricos (m\u00e9dias, desvio padr\u00e3o, signific\u00e2ncia estat\u00edstica).<\/p>\n        <\/div>\n        <div class=\"cmba-sci-step\" style=\"border-color: #f59e0b;\">\n            <h5>4. Conclus\u00e3o<\/h5>\n            <p>Deve expor breve e diretamente as conclus\u00f5es alcan\u00e7adas no trabalho.<\/p>\n        <\/div>\n    <\/div>\n\n    <h3 class=\"cmba-sci-section-title\">Diretrizes Cient\u00edficas e \u00c9ticas<\/h3>\n    <div class=\"cmba-sci-text-block\">\n        <p><strong>\u00c9tica e Financiamento:<\/strong> A submiss\u00e3o implica que o trabalho seguiu os padr\u00f5es e regulamentos \u00e9ticos vigentes em pesquisa biom\u00e9dica. Se financiado por organiza\u00e7\u00e3o comercial, indique num breve agradecimento no final do resumo.<\/p>\n        <p><strong>Relatos de Caso e Dados Insuficientes:<\/strong> Resumos contendo relatos de casos \u00fanicos geralmente n\u00e3o ser\u00e3o aceitos, salvo interesse cient\u00edfico\/cl\u00ednico excepcional devido \u00e0 singularidade. Resumos com dados insuficientemente informativos ser\u00e3o rejeitados.<\/p>\n        <p><strong>Estudos de Interven\u00e7\u00e3o:<\/strong> Especifique o desenho do estudo, dosagens, m\u00e9todos de avalia\u00e7\u00e3o e acompanhamento. Recomendamos fortemente o uso dos <a href=\"https:\/\/stricta.info\/\" target=\"_blank\" style=\"color: #3565AD; font-weight: bold;\">Crit\u00e9rios STRICTA<\/a> para pesquisas em Acupuntura.<\/p>\n        <p><strong>Refer\u00eancias e Abrevia\u00e7\u00f5es:<\/strong> Devem ser usadas com modera\u00e7\u00e3o. Para peri\u00f3dicos: <em>Autor et al, nome do peri\u00f3dico abreviado, ano, volume, p\u00e1ginas<\/em>. Abrevia\u00e7\u00f5es devem ser antecedidas pelo termo completo na primeira men\u00e7\u00e3o.<\/p>\n    <\/div>\n\n<\/div>\n<\/div><\/div><\/div>\n<\/div><\/div>\n\n\n\n<div class=\"wp-block-stackable-spacer stk-block-spacer stk--no-padding stk-block stk-16cb550\" data-block-id=\"16cb550\"><style>.stk-16cb550 {height:130px !important;}@media screen and (max-width:999px){.stk-16cb550 {height:80px !important;}}@media screen and (max-width:689px){.stk-16cb550 {height:60px !important;}}<\/style><\/div>\n\n\n\n<div style=\"height:100px\" aria-hidden=\"true\" class=\"wp-block-spacer\"><\/div>\n\n\n\n<h2 class=\"wp-block-heading has-text-align-center\">Patrocinadores<\/h2>\n\n\n\n<p><\/p>\n\n\n\n<div class=\"wp-block-stackable-columns stk-block-columns stk-block stk-58dd025\" data-block-id=\"58dd025\"><div class=\"stk-row stk-inner-blocks stk-block-content stk-content-align stk-58dd025-column\">\n<div class=\"wp-block-stackable-column stk-block-column stk-block-column--v3 stk-column stk-block-column--v2 stk-block stk-9be2678\" data-block-id=\"9be2678\"><div class=\"stk-column-wrapper stk-block-column__content stk-container stk-9be2678-container stk--no-background stk--no-padding\"><div class=\"stk-block-content stk-inner-blocks stk-9be2678-inner-blocks\"><\/div><\/div><\/div>\n\n\n\n<div class=\"wp-block-stackable-column stk-block-column stk-block-column--v3 stk-column stk-block-column--v2 stk-block stk-3800c53\" data-block-id=\"3800c53\"><div class=\"stk-column-wrapper stk-block-column__content stk-container stk-3800c53-container stk--no-background stk--no-padding\"><div class=\"stk-block-content stk-inner-blocks stk-3800c53-inner-blocks\"><\/div><\/div><\/div>\n\n\n\n<div class=\"wp-block-stackable-column stk-block-column stk-block-column--v3 stk-column stk-block-column--v2 stk-block stk-1ff0e92\" data-block-id=\"1ff0e92\"><div class=\"stk-column-wrapper stk-block-column__content stk-container stk-1ff0e92-container stk--no-background stk--no-padding\"><div class=\"stk-block-content stk-inner-blocks stk-1ff0e92-inner-blocks\"><\/div><\/div><\/div>\n\n\n\n<div class=\"wp-block-stackable-column stk-block-column stk-block-column--v3 stk-column stk-block-column--v2 stk-block stk-d2b53f1\" data-block-id=\"d2b53f1\"><div class=\"stk-column-wrapper stk-block-column__content stk-container stk-d2b53f1-container stk--no-background stk--no-padding\"><div class=\"stk-block-content stk-inner-blocks stk-d2b53f1-inner-blocks\"><\/div><\/div><\/div>\n<\/div><\/div>\n","protected":false},"excerpt":{"rendered":"<p>Trabalhos Cient\u00edficos Modelo de P\u00f4ster (E-Poster) Baixe o template oficial em formato PowerPoint para a sua apresenta\u00e7\u00e3o. BAIXAR TEMPLATE (PPT) Data Limite 02 de Outubro de 2026 Envio de Trabalhos cientifica@cmba.org.br Regras para Submiss\u00e3o Formata\u00e7\u00e3o B\u00e1sica O limite m\u00e1ximo \u00e9 de 300 palavras (excluindo t\u00edtulo, autores e institui\u00e7\u00f5es). Todos os resumos devem ser escritos, submetidos [&hellip;]<\/p>\n","protected":false},"author":3,"featured_media":0,"parent":0,"menu_order":0,"comment_status":"closed","ping_status":"closed","template":"","meta":{"qubely_global_settings":"","qubely_interactions":"","_uag_custom_page_level_css":"","footnotes":""},"class_list":["post-800","page","type-page","status-publish","hentry"],"blocksy_meta":{"page_title_panel":"","has_hero_section":"disabled","0d250a00a8566f2f0313098d85f6944a":"","hero_section":"type-1","hero_elements":[{"id":"custom_title","enabled":true,"heading_tag":"h1","title":"Home"},{"id":"custom_description","enabled":true,"description_visibility":{"desktop":true,"tablet":true,"mobile":false}},{"id":"custom_meta","enabled":false,"meta_elements":[{"id":"author","enabled":true,"label":"By","has_author_avatar":"yes","avatar_size":25},{"id":"post_date","enabled":true,"label":"On","date_format_source":"default","date_format":"M j, Y"},{"id":"updated_date","enabled":false,"label":"On","date_format_source":"default","date_format":"M j, Y"},{"id":"categories","enabled":false,"label":"In","style":"simple"},{"id":"comments","enabled":true}],"page_meta_elements":{"joined":true,"articles_count":true,"comments":true}},{"id":"breadcrumbs","enabled":false}],"f1f885b9fe5879dade9e3b1017d64683":"","hero_alignment1":"CT_CSS_SKIP_RULE","hero_margin":40,"hero_alignment2":"center","hero_vertical_alignment":"center","b42f76bf5bc1f37939804e5d7aafb3cb":"","hero_structure":"narrow","e3971675bfd0707400b940a7a609741d":"","page_title_bg_type":"featured_image","custom_hero_background":{"attachment_id":null},"page_title_image_size":"full","parallax":{"desktop":false,"tablet":false,"mobile":false},"93aa90cd66038d66e8722e914f70d99e":"","hero_height":"250px","pageTitleFont":{"family":"Default","variation":"Default","size":"30px","line-height":"CT_CSS_SKIP_RULE","letter-spacing":"CT_CSS_SKIP_RULE","text-transform":"CT_CSS_SKIP_RULE","text-decoration":"CT_CSS_SKIP_RULE"},"pageTitleFontColor":{"default":{"color":"CT_CSS_SKIP_RULEDEFAULT"}},"pageMetaFont":{"family":"Default","variation":"n6","size":"12px","line-height":"1.3","letter-spacing":"CT_CSS_SKIP_RULE","text-transform":"uppercase","text-decoration":"CT_CSS_SKIP_RULE"},"pageMetaFontColor":{"default":{"color":"CT_CSS_SKIP_RULEDEFAULT"},"hover":{"color":"CT_CSS_SKIP_RULEDEFAULT"}},"page_meta_button_type_font_colors":{"default":{"color":"CT_CSS_SKIP_RULEDEFAULT"},"hover":{"color":"CT_CSS_SKIP_RULEDEFAULT"}},"page_meta_button_type_background_colors":{"default":{"color":"CT_CSS_SKIP_RULEDEFAULT"},"hover":{"color":"CT_CSS_SKIP_RULEDEFAULT"}},"pageExcerptFont":{"family":"Default","variation":"Default","size":"CT_CSS_SKIP_RULE","line-height":"CT_CSS_SKIP_RULE","letter-spacing":"CT_CSS_SKIP_RULE","text-transform":"CT_CSS_SKIP_RULE","text-decoration":"CT_CSS_SKIP_RULE"},"pageExcerptColor":{"default":{"color":"CT_CSS_SKIP_RULEDEFAULT"}},"breadcrumbsFont":{"family":"Default","variation":"Default","size":"CT_CSS_SKIP_RULE","line-height":"CT_CSS_SKIP_RULE","letter-spacing":"CT_CSS_SKIP_RULE","text-transform":"CT_CSS_SKIP_RULE","text-decoration":"CT_CSS_SKIP_RULE"},"breadcrumbsFontColor":{"default":{"color":"CT_CSS_SKIP_RULEDEFAULT"},"initial":{"color":"CT_CSS_SKIP_RULEDEFAULT"},"hover":{"color":"CT_CSS_SKIP_RULEDEFAULT"}},"pageTitleOverlay":{"background_type":"color","background_pattern":"type-1","background_image":{"attachment_id":null,"x":0,"y":0},"gradient":"linear-gradient(135deg,rgba(6,147,227,1) 0%,rgb(155,81,224) 100%)","background_repeat":"repeat","background_size":"auto","background_attachment":"scroll","patternColor":{"default":{"color":"#e5e7ea"}},"overlayColor":{"default":{"color":"CT_CSS_SKIP_RULE"}},"backgroundColor":{"default":{"color":"CT_CSS_SKIP_RULE"}}},"pageTitleBackground":{"background_type":"color","background_pattern":"type-1","background_image":{"attachment_id":null,"x":0,"y":0},"gradient":"linear-gradient(135deg,rgba(6,147,227,1) 0%,rgb(155,81,224) 100%)","background_repeat":"repeat","background_size":"auto","background_attachment":"scroll","patternColor":{"default":{"color":"#e5e7ea"}},"overlayColor":{"default":{"color":"CT_CSS_SKIP_RULE"}},"backgroundColor":{"default":{"color":"var(--theme-palette-color-6)"}}},"pageTitlePadding":{"top":"50px","bottom":"50px","left":"auto","right":"auto","linked":true},"1974eaa6e869509a19e5dd9e845e3134":"","page_structure_type":"default","9a705e5e3bd57b58359b397631e410db":"","content_style_source":"inherit","content_style":"wide","vertical_spacing_source":"custom","content_area_spacing":"none","background":{"background_type":"color","background_pattern":"type-1","background_image":{"attachment_id":null,"x":0,"y":0},"gradient":"linear-gradient(135deg,rgba(6,147,227,1) 0%,rgb(155,81,224) 100%)","background_repeat":"repeat","background_size":"auto","background_attachment":"scroll","patternColor":{"default":{"color":"#e5e7ea"}},"overlayColor":{"default":{"color":"CT_CSS_SKIP_RULE"}},"backgroundColor":{"default":{"color":"CT_CSS_SKIP_RULE"}}},"content_background":{"background_type":"color","background_pattern":"type-1","background_image":{"attachment_id":null,"x":0,"y":0},"gradient":"linear-gradient(135deg,rgba(6,147,227,1) 0%,rgb(155,81,224) 100%)","background_repeat":"repeat","background_size":"auto","background_attachment":"scroll","patternColor":{"default":{"color":"#e5e7ea"}},"overlayColor":{"default":{"color":"CT_CSS_SKIP_RULE"}},"backgroundColor":{"default":{"color":"var(--theme-palette-color-8)"}}},"content_boxed_shadow":{"inherit":false,"blur":18,"spread":-6,"v_offset":12,"h_offset":0,"inset":false,"enable":true,"color":{"color":"rgba(34, 56, 101, 0.04)"}},"boxed_content_spacing":{"desktop":{"top":"40px","bottom":"40px","left":"40px","right":"40px","linked":true},"tablet":{"top":"35px","bottom":"35px","left":"35px","right":"35px","linked":true},"mobile":{"top":"20px","bottom":"20px","left":"20px","right":"20px","linked":true}},"content_boxed_radius":{"top":"3px","bottom":"3px","left":"3px","right":"3px","linked":true},"0e395ffd9c465e46428e68c54f8b4d79":"","disable_featured_image":"no","disable_share_box":"no","disable_header":"no","disable_footer":"no","styles_descriptor":{"styles":{"desktop":"","tablet":"","mobile":""},"google_fonts":[],"version":6}},"uagb_featured_image_src":{"full":false,"thumbnail":false,"medium":false,"medium_large":false,"large":false,"1536x1536":false,"2048x2048":false,"qubely_landscape":false,"qubely_portrait":false,"qubely_thumbnail":false,"woocommerce_archive_thumbnail":false,"woocommerce_thumbnail":false,"woocommerce_single":false,"woocommerce_gallery_thumbnail":false},"uagb_author_info":{"display_name":"marcus pai","author_link":"https:\/\/congressocmba.com.br\/site\/author\/marcus\/"},"uagb_comment_info":0,"uagb_excerpt":"Trabalhos Cient\u00edficos Modelo de P\u00f4ster (E-Poster) Baixe o template oficial em formato PowerPoint para a sua apresenta\u00e7\u00e3o. BAIXAR TEMPLATE (PPT) Data Limite 02 de Outubro de 2026 Envio de Trabalhos cientifica@cmba.org.br Regras para Submiss\u00e3o Formata\u00e7\u00e3o B\u00e1sica O limite m\u00e1ximo \u00e9 de 300 palavras (excluindo t\u00edtulo, autores e institui\u00e7\u00f5es). Todos os resumos devem ser escritos, submetidos&hellip;","_links":{"self":[{"href":"https:\/\/congressocmba.com.br\/site\/wp-json\/wp\/v2\/pages\/800","targetHints":{"allow":["GET"]}}],"collection":[{"href":"https:\/\/congressocmba.com.br\/site\/wp-json\/wp\/v2\/pages"}],"about":[{"href":"https:\/\/congressocmba.com.br\/site\/wp-json\/wp\/v2\/types\/page"}],"author":[{"embeddable":true,"href":"https:\/\/congressocmba.com.br\/site\/wp-json\/wp\/v2\/users\/3"}],"replies":[{"embeddable":true,"href":"https:\/\/congressocmba.com.br\/site\/wp-json\/wp\/v2\/comments?post=800"}],"version-history":[{"count":2,"href":"https:\/\/congressocmba.com.br\/site\/wp-json\/wp\/v2\/pages\/800\/revisions"}],"predecessor-version":[{"id":3387,"href":"https:\/\/congressocmba.com.br\/site\/wp-json\/wp\/v2\/pages\/800\/revisions\/3387"}],"wp:attachment":[{"href":"https:\/\/congressocmba.com.br\/site\/wp-json\/wp\/v2\/media?parent=800"}],"curies":[{"name":"wp","href":"https:\/\/api.w.org\/{rel}","templated":true}]}}